{"id":6,"date":"2021-02-10T07:38:44","date_gmt":"2021-02-10T10:38:44","guid":{"rendered":"https:\/\/jucas.ce.gov.br\/protocolo\/?page_id=6"},"modified":"2022-08-06T14:08:36","modified_gmt":"2022-08-06T17:08:36","slug":"login","status":"publish","type":"page","link":"https:\/\/jucas.ce.gov.br\/esic\/","title":{"rendered":"login"},"content":{"rendered":"\t\t<div data-elementor-type=\"wp-page\" data-elementor-id=\"6\" class=\"elementor elementor-6\">\n\t\t\t\t\t\t\t\t\t<section class=\"elementor-section elementor-top-section elementor-element elementor-element-f53e020 elementor-section-boxed elementor-section-height-default elementor-section-height-default\" data-id=\"f53e020\" data-element_type=\"section\">\n\t\t\t\t\t\t<div class=\"elementor-container elementor-column-gap-default\">\n\t\t\t\t\t<div class=\"elementor-column elementor-col-100 elementor-top-column elementor-element elementor-element-e4db146\" data-id=\"e4db146\" data-element_type=\"column\">\n\t\t\t<div class=\"elementor-widget-wrap elementor-element-populated\">\n\t\t\t\t\t\t\t\t<div class=\"elementor-element elementor-element-22d19c6 elementor-widget elementor-widget-shortcode\" data-id=\"22d19c6\" data-element_type=\"widget\" data-widget_type=\"shortcode.default\">\n\t\t\t\t<div class=\"elementor-widget-container\">\n\t\t\t\t\t<div class=\"elementor-shortcode\">\n<div class=\"wpsc-iso\">\n  \n  <div id=\"wpsc_tickets_container\" class=\"row\" style=\"background-color:#FFFFFF !important;color:#000000 !important; border-color:#1C5D8A !important;\"><\/div>\n  <div id=\"wpsc_alert_success\" class=\"alert alert-success wpsc_alert\" style=\"display:none;\" role=\"alert\">\n    <i class=\"fa fa-check-circle\"><\/i> <span class=\"wpsc_alert_text\"><\/span>\n  <\/div>\n  \n  <div id=\"wpsc_alert_error\" class=\"alert alert-danger wpsc_alert\" style=\"display:none;\" role=\"alert\">\n    <i class=\"fa fa-exclamation-triangle\"><\/i> <span class=\"wpsc_alert_text\"><\/span>\n  <\/div>\n  \n<\/div>\n\n<!-- Pop-up snippet start -->\n<div id=\"wpsc_popup_background\" style=\"display:none;\"><\/div>\n<div id=\"wpsc_popup_container\" style=\"display:none;\">\n  <div class=\"wpsc-iso\">\n    <div class=\"row\">\n      <div id=\"wpsc_popup\" class=\"col-xs-10 col-xs-offset-1 col-sm-10 col-sm-offset-1 col-md-8 col-md-offset-2 col-lg-6 col-lg-offset-3\">\n        <div id=\"wpsc_popup_title\" class=\"row\" style=\"background-color:#0473AA !important;color:#FFFFFF !important;\" ><h3>T\u00edtulo Modal<\/h3><\/div>\n        <div id=\"wpsc_popup_body\" class=\"row\">Eu sou o corpo!<\/div>\n        <div id=\"wpsc_popup_footer\" class=\"row\" style=\"background-color:#F6F6F6 !important;\">\n          <button type=\"button\" class=\"btn wpsc_popup_close\">Fechar<\/button>\n          <button type=\"button\" class=\"btn wpsc_popup_action\">Salvar Altera\u00e7\u00f5es<\/button>\n        <\/div>\n      <\/div>\n    <\/div>\n  <\/div>\n<\/div>\n<!-- Pop-up snippet end -->\n\n<script>\n  var wpsc_setting_action = 'init';\n<\/script>\n  <style>\n    .xdsoft_datetimepicker{ z-index:9999999999 !important; }\n  <\/style>\n  <\/div>\n\t\t\t\t<\/div>\n\t\t\t\t<\/div>\n\t\t\t\t\t<\/div>\n\t\t<\/div>\n\t\t\t\t\t\t\t<\/div>\n\t\t<\/section>\n\t\t\t\t<section class=\"elementor-section elementor-top-section elementor-element elementor-element-47af20e elementor-section-full_width elementor-section-height-default elementor-section-height-default\" data-id=\"47af20e\" data-element_type=\"section\">\n\t\t\t\t\t\t<div class=\"elementor-container elementor-column-gap-default\">\n\t\t\t\t\t<div class=\"elementor-column elementor-col-100 elementor-top-column elementor-element elementor-element-5ebf742\" data-id=\"5ebf742\" data-element_type=\"column\" data-settings=\"{&quot;background_background&quot;:&quot;classic&quot;}\">\n\t\t\t<div class=\"elementor-widget-wrap elementor-element-populated\">\n\t\t\t\t\t\t\t\t<div class=\"elementor-element elementor-element-30ac98e elementor-widget elementor-widget-heading\" data-id=\"30ac98e\" data-element_type=\"widget\" data-widget_type=\"heading.default\">\n\t\t\t\t<div class=\"elementor-widget-container\">\n\t\t\t<h2 class=\"elementor-heading-title elementor-size-default\">Informa\u00e7\u00f5es Gerais<\/h2>\t\t<\/div>\n\t\t\t\t<\/div>\n\t\t\t\t<section class=\"elementor-section elementor-inner-section elementor-element elementor-element-0a0e171 elementor-section-boxed elementor-section-height-default elementor-section-height-default\" data-id=\"0a0e171\" data-element_type=\"section\">\n\t\t\t\t\t\t<div class=\"elementor-container elementor-column-gap-default\">\n\t\t\t\t\t<div class=\"elementor-column elementor-col-100 elementor-inner-column elementor-element elementor-element-57cd2ca\" data-id=\"57cd2ca\" data-element_type=\"column\">\n\t\t\t<div class=\"elementor-widget-wrap elementor-element-populated\">\n\t\t\t\t\t\t\t\t<div class=\"elementor-element elementor-element-9b9c8e8 elementor-widget elementor-widget-text-editor\" data-id=\"9b9c8e8\" data-element_type=\"widget\" data-widget_type=\"text-editor.default\">\n\t\t\t\t<div class=\"elementor-widget-container\">\n\t\t\t\t\t\t\t<p>Antes de solicitar uma informa\u00e7\u00e3o esclare\u00e7a suas d\u00favidas.\u00a0 <br \/><strong>Lembrando que criticas, den\u00fancias, elogios, reclama\u00e7\u00f5es e sugest\u00f5es \u00e9 atrav\u00e9s da ouvidoria.<\/strong><\/p>\t\t\t\t\t\t<\/div>\n\t\t\t\t<\/div>\n\t\t\t\t\t<\/div>\n\t\t<\/div>\n\t\t\t\t\t\t\t<\/div>\n\t\t<\/section>\n\t\t\t\t<section class=\"elementor-section elementor-inner-section elementor-element elementor-element-d75fe0f elementor-section-boxed elementor-section-height-default elementor-section-height-default\" data-id=\"d75fe0f\" data-element_type=\"section\">\n\t\t\t\t\t\t<div class=\"elementor-container elementor-column-gap-default\">\n\t\t\t\t\t<div class=\"elementor-column elementor-col-25 elementor-inner-column elementor-element elementor-element-1ee4cf9\" data-id=\"1ee4cf9\" data-element_type=\"column\">\n\t\t\t<div class=\"elementor-widget-wrap elementor-element-populated\">\n\t\t\t\t\t\t\t\t<div class=\"elementor-element elementor-element-f8bf489 elementor-align-center elementor-widget elementor-widget-button\" data-id=\"f8bf489\" data-element_type=\"widget\" data-widget_type=\"button.default\">\n\t\t\t\t<div class=\"elementor-widget-container\">\n\t\t\t\t\t<div class=\"elementor-button-wrapper\">\n\t\t\t<a href=\"https:\/\/www.jucas.ce.gov.br\/ouvidoria\" class=\"elementor-button-link elementor-button elementor-size-sm\" role=\"button\">\n\t\t\t\t\t\t<span class=\"elementor-button-content-wrapper\">\n\t\t\t\t\t\t\t<span class=\"elementor-button-icon elementor-align-icon-left\">\n\t\t\t\t<i aria-hidden=\"true\" class=\"far fa-comments\"><\/i>\t\t\t<\/span>\n\t\t\t\t\t\t<span class=\"elementor-button-text\">FALE COM A OUVIDORIA<\/span>\n\t\t<\/span>\n\t\t\t\t\t<\/a>\n\t\t<\/div>\n\t\t\t\t<\/div>\n\t\t\t\t<\/div>\n\t\t\t\t\t<\/div>\n\t\t<\/div>\n\t\t\t\t<div class=\"elementor-column elementor-col-25 elementor-inner-column elementor-element elementor-element-c104fc7\" data-id=\"c104fc7\" data-element_type=\"column\">\n\t\t\t<div class=\"elementor-widget-wrap elementor-element-populated\">\n\t\t\t\t\t\t\t\t<div class=\"elementor-element elementor-element-645b656 elementor-align-center elementor-widget elementor-widget-button\" data-id=\"645b656\" data-element_type=\"widget\" data-widget_type=\"button.default\">\n\t\t\t\t<div class=\"elementor-widget-container\">\n\t\t\t\t\t<div class=\"elementor-button-wrapper\">\n\t\t\t<a href=\"http:\/\/www.governotransparente.com.br\/1313490\" class=\"elementor-button-link elementor-button elementor-size-sm\" role=\"button\">\n\t\t\t\t\t\t<span class=\"elementor-button-content-wrapper\">\n\t\t\t\t\t\t\t<span class=\"elementor-button-icon elementor-align-icon-left\">\n\t\t\t\t<i aria-hidden=\"true\" class=\"fas fa-search-dollar\"><\/i>\t\t\t<\/span>\n\t\t\t\t\t\t<span class=\"elementor-button-text\">PORTAL DA TRANSPAR\u00caNCIA<\/span>\n\t\t<\/span>\n\t\t\t\t\t<\/a>\n\t\t<\/div>\n\t\t\t\t<\/div>\n\t\t\t\t<\/div>\n\t\t\t\t\t<\/div>\n\t\t<\/div>\n\t\t\t\t<div class=\"elementor-column elementor-col-25 elementor-inner-column elementor-element elementor-element-f791652\" data-id=\"f791652\" data-element_type=\"column\">\n\t\t\t<div class=\"elementor-widget-wrap elementor-element-populated\">\n\t\t\t\t\t\t\t\t<div class=\"elementor-element elementor-element-19e2b73 elementor-align-center elementor-widget elementor-widget-button\" data-id=\"19e2b73\" data-element_type=\"widget\" data-widget_type=\"button.default\">\n\t\t\t\t<div class=\"elementor-widget-container\">\n\t\t\t\t\t<div class=\"elementor-button-wrapper\">\n\t\t\t<a href=\"http:\/\/www.planalto.gov.br\/ccivil_03\/_ato2011-2014\/2011\/lei\/l12527.htm\" class=\"elementor-button-link elementor-button elementor-size-sm\" role=\"button\">\n\t\t\t\t\t\t<span class=\"elementor-button-content-wrapper\">\n\t\t\t\t\t\t\t<span class=\"elementor-button-icon elementor-align-icon-left\">\n\t\t\t\t<i aria-hidden=\"true\" class=\"far fa-copy\"><\/i>\t\t\t<\/span>\n\t\t\t\t\t\t<span class=\"elementor-button-text\">LEI DE ACESSO A INFORMA\u00c7\u00c3O<\/span>\n\t\t<\/span>\n\t\t\t\t\t<\/a>\n\t\t<\/div>\n\t\t\t\t<\/div>\n\t\t\t\t<\/div>\n\t\t\t\t\t<\/div>\n\t\t<\/div>\n\t\t\t\t<div class=\"elementor-column elementor-col-25 elementor-inner-column elementor-element elementor-element-ee1fe9a\" data-id=\"ee1fe9a\" data-element_type=\"column\">\n\t\t\t<div class=\"elementor-widget-wrap elementor-element-populated\">\n\t\t\t\t\t\t\t\t<div class=\"elementor-element elementor-element-e2bce10 elementor-align-center elementor-widget elementor-widget-button\" data-id=\"e2bce10\" data-element_type=\"widget\" data-widget_type=\"button.default\">\n\t\t\t\t<div class=\"elementor-widget-container\">\n\t\t\t\t\t<div class=\"elementor-button-wrapper\">\n\t\t\t<a href=\"https:\/\/jucas.ce.gov.br\/perguntas-frequentes\/\" class=\"elementor-button-link elementor-button elementor-size-sm\" role=\"button\">\n\t\t\t\t\t\t<span class=\"elementor-button-content-wrapper\">\n\t\t\t\t\t\t\t<span class=\"elementor-button-icon elementor-align-icon-left\">\n\t\t\t\t<i aria-hidden=\"true\" class=\"fas fa-question-circle\"><\/i>\t\t\t<\/span>\n\t\t\t\t\t\t<span class=\"elementor-button-text\">PERGUNTAS FREQUENTES<\/span>\n\t\t<\/span>\n\t\t\t\t\t<\/a>\n\t\t<\/div>\n\t\t\t\t<\/div>\n\t\t\t\t<\/div>\n\t\t\t\t\t<\/div>\n\t\t<\/div>\n\t\t\t\t\t\t\t<\/div>\n\t\t<\/section>\n\t\t\t\t\t<\/div>\n\t\t<\/div>\n\t\t\t\t\t\t\t<\/div>\n\t\t<\/section>\n\t\t\t\t<section class=\"elementor-section elementor-top-section elementor-element elementor-element-33e2b92 elementor-section-boxed elementor-section-height-default elementor-section-height-default\" data-id=\"33e2b92\" data-element_type=\"section\">\n\t\t\t\t\t\t<div class=\"elementor-container elementor-column-gap-default\">\n\t\t\t\t\t<div class=\"elementor-column elementor-col-100 elementor-top-column elementor-element elementor-element-e197d3e\" data-id=\"e197d3e\" data-element_type=\"column\">\n\t\t\t<div class=\"elementor-widget-wrap elementor-element-populated\">\n\t\t\t\t\t\t\t\t<section class=\"elementor-section elementor-inner-section elementor-element elementor-element-ca846a5 elementor-section-boxed elementor-section-height-default elementor-section-height-default\" data-id=\"ca846a5\" data-element_type=\"section\">\n\t\t\t\t\t\t<div class=\"elementor-container elementor-column-gap-default\">\n\t\t\t\t\t<div class=\"elementor-column elementor-col-50 elementor-inner-column elementor-element elementor-element-2090ceb\" data-id=\"2090ceb\" data-element_type=\"column\">\n\t\t\t<div class=\"elementor-widget-wrap\">\n\t\t\t\t\t\t\t\t\t<\/div>\n\t\t<\/div>\n\t\t\t\t<div class=\"elementor-column elementor-col-50 elementor-inner-column elementor-element elementor-element-e60af74\" data-id=\"e60af74\" data-element_type=\"column\">\n\t\t\t<div class=\"elementor-widget-wrap\">\n\t\t\t\t\t\t\t\t\t<\/div>\n\t\t<\/div>\n\t\t\t\t\t\t\t<\/div>\n\t\t<\/section>\n\t\t\t\t\t<\/div>\n\t\t<\/div>\n\t\t\t\t\t\t\t<\/div>\n\t\t<\/section>\n\t\t\t\t\t\t\t<\/div>\n\t\t","protected":false},"excerpt":{"rendered":"<p>Informa\u00e7\u00f5es Gerais Antes de solicitar uma informa\u00e7\u00e3o esclare\u00e7a suas d\u00favidas.\u00a0 Lembrando que criticas, den\u00fancias, elogios, reclama\u00e7\u00f5es e sugest\u00f5es \u00e9 atrav\u00e9s da ouvidoria. FALE COM A OUVIDORIA PORTAL DA TRANSPAR\u00caNCIA LEI DE ACESSO A INFORMA\u00c7\u00c3O PERGUNTAS FREQUENTES<\/p>\n","protected":false},"author":1,"featured_media":0,"parent":0,"menu_order":0,"comment_status":"closed","ping_status":"closed","template":"elementor_canvas","meta":{"footnotes":""},"class_list":["post-6","page","type-page","status-publish","hentry"],"_links":{"self":[{"href":"https:\/\/jucas.ce.gov.br\/esic\/wp-json\/wp\/v2\/pages\/6","targetHints":{"allow":["GET"]}}],"collection":[{"href":"https:\/\/jucas.ce.gov.br\/esic\/wp-json\/wp\/v2\/pages"}],"about":[{"href":"https:\/\/jucas.ce.gov.br\/esic\/wp-json\/wp\/v2\/types\/page"}],"author":[{"embeddable":true,"href":"https:\/\/jucas.ce.gov.br\/esic\/wp-json\/wp\/v2\/users\/1"}],"replies":[{"embeddable":true,"href":"https:\/\/jucas.ce.gov.br\/esic\/wp-json\/wp\/v2\/comments?post=6"}],"version-history":[{"count":22,"href":"https:\/\/jucas.ce.gov.br\/esic\/wp-json\/wp\/v2\/pages\/6\/revisions"}],"predecessor-version":[{"id":223,"href":"https:\/\/jucas.ce.gov.br\/esic\/wp-json\/wp\/v2\/pages\/6\/revisions\/223"}],"wp:attachment":[{"href":"https:\/\/jucas.ce.gov.br\/esic\/wp-json\/wp\/v2\/media?parent=6"}],"curies":[{"name":"wp","href":"https:\/\/api.w.org\/{rel}","templated":true}]}}